{"id":657,"date":"2022-12-05T19:33:28","date_gmt":"2022-12-05T19:33:28","guid":{"rendered":"https:\/\/polinpallo.otax.fi\/?page_id=657"},"modified":"2024-03-11T08:27:48","modified_gmt":"2024-03-11T08:27:48","slug":"polin-pallon-saannot","status":"publish","type":"page","link":"https:\/\/polinpallo.fi\/?page_id=657","title":{"rendered":"Polin Pallon s\u00e4\u00e4nn\u00f6t"},"content":{"rendered":"<p><b>I YLEIST\u00c4<\/b><b><\/b><\/p>\n<p><b>1 \u00a7 Nimi ja kotipaikka\u00a0<\/b><\/p>\n<p><span style=\"font-weight: 400;\">Yhdistyksen nimi on Polin Pallo ja kotipaikka Espoo.<\/span><b><\/b><\/p>\n<p><b>2 \u00a7 Polin Pallon tarkoitus ja toiminta\u00a0<\/b><\/p>\n<p><span style=\"font-weight: 400;\">Polin Pallon tarkoituksena on<\/span><\/p>\n<ul>\n<li style=\"font-weight: 400;\" aria-level=\"1\"><span style=\"font-weight: 400;\">yhdist\u00e4\u00e4 jalkapallosta kiinnostuneita Aalto-yliopiston opiskelijoita<\/span><\/li>\n<li style=\"font-weight: 400;\" aria-level=\"1\"><span style=\"font-weight: 400;\">edist\u00e4\u00e4 jalkapallon tuntemusta yliopiston piiriss\u00e4<\/span><\/li>\n<li style=\"font-weight: 400;\" aria-level=\"1\"><span style=\"font-weight: 400;\">tukea j\u00e4sentens\u00e4 kiinnostusta jalkapalloon ja kehittymist\u00e4 siin\u00e4<\/span><\/li>\n<li style=\"font-weight: 400;\" aria-level=\"1\"><span style=\"font-weight: 400;\">kannustaa j\u00e4seni\u00e4\u00e4n luovaan ja teekkarihenkiseen harrastustoimintaan.<\/span><\/li>\n<\/ul>\n<p><span style=\"font-weight: 400;\">Tarkoituksensa toteuttamiseksi yhdistys voi<\/span><\/p>\n<ul>\n<li style=\"font-weight: 400;\" aria-level=\"1\"><span style=\"font-weight: 400;\">j\u00e4rjest\u00e4\u00e4 harjoituksia ja pelej\u00e4<\/span><\/li>\n<li style=\"font-weight: 400;\" aria-level=\"1\"><span style=\"font-weight: 400;\">osallistua jalkapalloturnauksiin<\/span><\/li>\n<li style=\"font-weight: 400;\" aria-level=\"1\"><span style=\"font-weight: 400;\">j\u00e4rjest\u00e4\u00e4 illanviettoja ja ekskursioita<\/span><\/li>\n<li style=\"font-weight: 400;\" aria-level=\"1\"><span style=\"font-weight: 400;\">ker\u00e4t\u00e4 ja v\u00e4litt\u00e4\u00e4 tietoa jalkapallosta<\/span><\/li>\n<li style=\"font-weight: 400;\" aria-level=\"1\"><span style=\"font-weight: 400;\">tehd\u00e4 yhteisty\u00f6t\u00e4 muiden yhdistysten kanssa.<\/span><\/li>\n<\/ul>\n<p><b>II J\u00c4SENET JA MAKSUT<\/b><b><\/b><\/p>\n<p><b>3 \u00a7 J\u00e4senet<\/b><\/p>\n<p><span style=\"font-weight: 400;\">J\u00e4seneksi haluavan tulee ilmoittaa asiasta hallitukselle, joka hyv\u00e4ksyy j\u00e4senet. Yhdistyksen j\u00e4seni\u00e4 ovat aaltoj\u00e4senet, alumnij\u00e4senet, ulkoj\u00e4senet sek\u00e4 kunnia- eli Leiska-j\u00e4senet. Aalto-yliopiston ylioppilaskunnan j\u00e4sen voidaan hyv\u00e4ksy\u00e4 aaltoj\u00e4seneksi. Alumnij\u00e4seni\u00e4 ovat ne, jotka eiv\u00e4t ole en\u00e4\u00e4 AYY:n j\u00e4seni\u00e4, mutta ovat joskus olleet samaan aikaan AYY:n sek\u00e4 Polin Pallon j\u00e4seni\u00e4. He, jotka eiv\u00e4t t\u00e4yt\u00e4 edellisi\u00e4 ehtoja, ovat ulkoj\u00e4seni\u00e4. Vain aaltoj\u00e4senell\u00e4 on oikeus \u00e4\u00e4nest\u00e4\u00e4 yhdistyksen kokouksissa. Muilla j\u00e4senill\u00e4 on l\u00e4sn\u00e4olo ja puheoikeus kokouksissa.<\/span><\/p>\n<p><span style=\"font-weight: 400;\">Yhdistyksen kokous voi kahden kolmasosan (2\/3) enemmist\u00f6ll\u00e4 annetuista \u00e4\u00e4nist\u00e4 kutsua yhdistyksen kunnia- eli Leiska-j\u00e4seneksi henkil\u00f6n, joka on erityisesti ansioitunut yhdistyksen toiminnassa tai muuten merkitt\u00e4v\u00e4sti edist\u00e4nyt sen pyrkimyksi\u00e4. Esityksen Leiska-j\u00e4seneksi kutsumisesta tekee hallitus, mutta my\u00f6s kymmenen (10) yhdistyksen j\u00e4senen muodostamalla ryhm\u00e4ll\u00e4 on siihen oikeus. Leiska-j\u00e4senyys kunnioittaa edesmenneen Miikka \u201dLeiska\u201d Leinosen muistoa.<\/span><b><\/b><\/p>\n<p><b>4 \u00a7 J\u00e4senmaksu\u00a0<\/b><\/p>\n<p><span style=\"font-weight: 400;\">Polin Pallon kausi kest\u00e4\u00e4 kev\u00e4tkokouksesta seuraavan vuoden kev\u00e4tkokoukseen. J\u00e4senilt\u00e4 voidaan peri\u00e4 j\u00e4senmaksu kerran kaudessa. J\u00e4senmaksun suuruus ja er\u00e4p\u00e4iv\u00e4 p\u00e4\u00e4tet\u00e4\u00e4n kev\u00e4tkokouksessa. J\u00e4senmaksu voi olla erisuuruinen eri j\u00e4senryhmill\u00e4. Hallitus voi katsoa eronneeksi j\u00e4senet, jotka ovat laiminly\u00f6neet j\u00e4senmaksunsa 1kk ajan sen er\u00e4\u00e4ntymisest\u00e4.\u00a0<\/span><b><\/b><\/p>\n<p><b>5 \u00a7 J\u00e4senen erottaminen<\/b><\/p>\n<p><span style=\"font-weight: 400;\">Hallitus voi erottaa j\u00e4senen, joka on aiheuttanut vahinkoa yhdistykselle tai muille j\u00e4senille. Erotettavalla on oikeus tulla kuulluksi ennen p\u00e4\u00e4t\u00f6st\u00e4.<\/span><\/p>\n<p><b>III YHDISTYKSEN KOKOUKSET<\/b><b><\/b><\/p>\n<p><b>6 \u00a7 Kokouskutsut<\/b><\/p>\n<p><span style=\"font-weight: 400;\">Yhdistyksen kokoukset kutsutaan koolle v\u00e4hint\u00e4\u00e4n viikkoa aikaisemmin julkaisemalla kutsu yhdistyksen viestint\u00e4kanavalle.<\/span><b><\/b><\/p>\n<p><b>7 \u00a7 P\u00e4\u00e4t\u00f6svaltaisuus<\/b><\/p>\n<p><span style=\"font-weight: 400;\">Kokous on p\u00e4\u00e4t\u00f6svaltainen, jos se on kutsuttu koolle s\u00e4\u00e4nt\u00f6jen m\u00e4\u00e4r\u00e4\u00e4m\u00e4ll\u00e4 tavalla.<\/span><b><\/b><\/p>\n<p><b>8 \u00a7 P\u00e4\u00e4t\u00f6ksenteko<\/b><\/p>\n<p><span style=\"font-weight: 400;\">Yhdistyksen p\u00e4\u00e4t\u00f6kseksi tulee se mielipide, jota on kannattanut yli puolet annetuista \u00e4\u00e4nist\u00e4, ellei s\u00e4\u00e4nn\u00f6iss\u00e4 ole toisin m\u00e4\u00e4r\u00e4tty. \u00c4\u00e4nten menness\u00e4 tasan ratkaisee kokouksen puheenjohtajan \u00e4\u00e4ni, vaaleissa kuitenkin arpa.<\/span><\/p>\n<p><span style=\"font-weight: 400;\">J\u00e4sen ei voi k\u00e4ytt\u00e4\u00e4 \u00e4\u00e4nioikeuttaan asiamiehen v\u00e4lityksell\u00e4.<\/span><b><\/b><\/p>\n<p><b>9 \u00a7 Kokousj\u00e4rjestelyt\u00a0<\/b><\/p>\n<p><span style=\"font-weight: 400;\">Yhdistyksen kokouksiin voidaan tarvittaessa osallistua et\u00e4yhteyksin. Ohjeet osallistumiselle on liitett\u00e4v\u00e4 kokouskutsuun.<\/span><\/p>\n<p><span style=\"font-weight: 400;\">Hallituksen kokoukset voidaan pit\u00e4\u00e4 tarvittaessa et\u00e4yhteyksin.<\/span><b><\/b><\/p>\n<p><b>10 \u00a7 Kev\u00e4tkokous<\/b><\/p>\n<p><span style=\"font-weight: 400;\">Kev\u00e4tkokouksessa helmi-maaliskuussa vahvistetaan edellisen vuoden toimintakertomus ja tilinp\u00e4\u00e4t\u00f6s sek\u00e4 p\u00e4\u00e4tet\u00e4\u00e4n, my\u00f6nnet\u00e4\u00e4nk\u00f6 vastuuvapaus niille, jotka ovat hoitaneet yhdistyksen hallintoa edellisen\u00e4 vuonna. Lis\u00e4ksi hyv\u00e4ksyt\u00e4\u00e4n toimintasuunnitelma ja talousarvio sek\u00e4 p\u00e4\u00e4tet\u00e4\u00e4n j\u00e4senmaksujen suuruus ja er\u00e4p\u00e4iv\u00e4.<\/span><b><\/b><\/p>\n<p><b>11 \u00a7 Syyskokous<\/b><\/p>\n<p><span style=\"font-weight: 400;\">Syyskokouksessa marras-joulukuussa valitaan puheenjohtaja ja muu hallitus sek\u00e4 toiminnantarkastajat seuraavaksi kalenterivuodeksi. Lis\u00e4ksi valitaan yhdistyksen toimihenkil\u00f6t seuraavalle kalenterivuodelle.<\/span><\/p>\n<p><b>IV MUUT S\u00c4\u00c4NN\u00d6T<\/b><b><\/b><\/p>\n<p><b>12 \u00a7 Hallitus<\/b><\/p>\n<p><span style=\"font-weight: 400;\">Hallitukseen kuuluu 3-11 j\u00e4sent\u00e4, puheenjohtaja mukaan luettuna. Hallitus on p\u00e4\u00e4t\u00f6svaltainen, kun l\u00e4sn\u00e4 on v\u00e4hint\u00e4\u00e4n puolet hallitukseen valituista, kuitenkin v\u00e4hint\u00e4\u00e4n kolme henkil\u00f6\u00e4. Hallituksen j\u00e4senist\u00e4 v\u00e4hint\u00e4\u00e4n puolet on oltava Polin Pallon aaltoj\u00e4seni\u00e4.<\/span><b><\/b><\/p>\n<p><b>13 \u00a7 Hallituksen kokoukset<\/b><\/p>\n<p><span style=\"font-weight: 400;\">Hallitus kokoontuu puheenjohtajan tai h\u00e4nen estyess\u00e4\u00e4n tai ollessaan estyneen\u00e4 varapuheenjohtajan kutsusta, kun he katsovat siihen olevan aihetta tai kun v\u00e4hint\u00e4\u00e4n puolet hallituksen j\u00e4senist\u00e4 sit\u00e4 vaatii.\u00a0<\/span><\/p>\n<p><span style=\"font-weight: 400;\">Hallituksen kokous on p\u00e4\u00e4t\u00f6svaltainen, mik\u00e4li kokouksesta on tiedotettu hallituksen keskuudessaan sopimalla tavalla ja l\u00e4sn\u00e4 on yli puolet hallituksen valituista j\u00e4senist\u00e4 puheenjohtaja tai varapuheenjohtaja mukaan lukien.<\/span><\/p>\n<p><span style=\"font-weight: 400;\">Hallituksen p\u00e4\u00e4t\u00f6kseksi tulee se mielipide, jota on kannattanut yli puolet annetuista \u00e4\u00e4nist\u00e4. \u00c4\u00e4nten menness\u00e4 tasan ratkaisee puheenjohtajan \u00e4\u00e4ni, vaaleissa kuitenkin arpa.<\/span><b><\/b><\/p>\n<p><b>14 \u00a7 Varapuheenjohtaja<\/b><\/p>\n<p><span style=\"font-weight: 400;\">Hallitus voi valita keskuudestaan varapuheenjohtajan hoitamaan puheenjohtajan teht\u00e4vi\u00e4, kun t\u00e4m\u00e4 on estynyt tai esteellinen.<\/span><b><\/b><\/p>\n<p><b>15 \u00a7 Yhdistyksen nimenkirjoittajat<\/b><\/p>\n<p><span style=\"font-weight: 400;\">Yhdistyksen nimen kirjoittaa hallituksen puheenjohtaja ja varapuheenjohtaja yhdess\u00e4, tai jompikumpi heist\u00e4 yhdess\u00e4 jonkun muun hallituksen j\u00e4senen kanssa.<\/span><\/p>\n<p><span style=\"font-weight: 400;\">Hallitus voi my\u00f6s oikeuttaa yhdistyksen aaltoj\u00e4senen kirjoittamaan yhdistyksen nimen yksin.<\/span><b><\/b><\/p>\n<p><b>16 \u00a7 Toiminnantarkastaja<\/b><\/p>\n<p><span style=\"font-weight: 400;\">Toiminnantarkastajaksi valitaan yksi hallituksesta riippumaton henkil\u00f6 ja h\u00e4nelle varahenkil\u00f6.<\/span><b><\/b><\/p>\n<p><b>17 \u00a7 Tilikausi\u00a0<\/b><\/p>\n<p><span style=\"font-weight: 400;\">Yhdistyksen tilikausi on kalenterivuosi.<\/span><b><\/b><\/p>\n<p><b>18 \u00a7 S\u00e4\u00e4nt\u00f6jen muutos ja yhdistyksen purkautuminen<\/b><\/p>\n<p><span style=\"font-weight: 400;\">S\u00e4\u00e4nt\u00f6jen muuttamisesta p\u00e4\u00e4tet\u00e4\u00e4n yhdess\u00e4 yhdistyksen kokouksessa. Yhdistyksen purkautumisesta p\u00e4\u00e4tet\u00e4\u00e4n kahdessa per\u00e4kk\u00e4isess\u00e4 yhdistyksen kokouksessa, joiden v\u00e4li on v\u00e4hint\u00e4\u00e4n kaksi viikkoa ja enint\u00e4\u00e4n kolme kuukautta. P\u00e4\u00e4t\u00f6ksiin vaaditaan v\u00e4hint\u00e4\u00e4n \u00be enemmist\u00f6 annetuista \u00e4\u00e4nist\u00e4.<\/span><b><\/b><\/p>\n<p><b>19 \u00a7 Yhdistyksen purkautuminen tai lakkauttaminen\u00a0<\/b><\/p>\n<p><span style=\"font-weight: 400;\">Yhdistyksen purkautuessa tai tullessa lakkautetuksi sen varat siirtyv\u00e4t Aalto-yliopiston ylioppilaskunnalle.<\/span><\/p>\n","protected":false},"excerpt":{"rendered":"<p>I YLEIST\u00c4 1 \u00a7 Nimi ja kotipaikka\u00a0 Yhdistyksen nimi on Polin Pallo ja kotipaikka Espoo. 2 \u00a7 Polin Pallon tarkoitus&hellip; <a class=\"read-more\" href=\"https:\/\/polinpallo.fi\/?page_id=657\">Read more <span class=\"screen-reader-text\">Polin Pallon s\u00e4\u00e4nn\u00f6t<\/span><\/a><\/p>\n","protected":false},"author":3,"featured_media":0,"parent":0,"menu_order":0,"comment_status":"closed","ping_status":"closed","template":"","meta":{"footnotes":""},"class_list":["post-657","page","type-page","status-publish","hentry"],"_links":{"self":[{"href":"https:\/\/polinpallo.fi\/index.php?rest_route=\/wp\/v2\/pages\/657","targetHints":{"allow":["GET"]}}],"collection":[{"href":"https:\/\/polinpallo.fi\/index.php?rest_route=\/wp\/v2\/pages"}],"about":[{"href":"https:\/\/polinpallo.fi\/index.php?rest_route=\/wp\/v2\/types\/page"}],"author":[{"embeddable":true,"href":"https:\/\/polinpallo.fi\/index.php?rest_route=\/wp\/v2\/users\/3"}],"replies":[{"embeddable":true,"href":"https:\/\/polinpallo.fi\/index.php?rest_route=%2Fwp%2Fv2%2Fcomments&post=657"}],"version-history":[{"count":3,"href":"https:\/\/polinpallo.fi\/index.php?rest_route=\/wp\/v2\/pages\/657\/revisions"}],"predecessor-version":[{"id":1194,"href":"https:\/\/polinpallo.fi\/index.php?rest_route=\/wp\/v2\/pages\/657\/revisions\/1194"}],"wp:attachment":[{"href":"https:\/\/polinpallo.fi\/index.php?rest_route=%2Fwp%2Fv2%2Fmedia&parent=657"}],"curies":[{"name":"wp","href":"https:\/\/api.w.org\/{rel}","templated":true}]}}