{"id":400,"date":"2022-05-25T06:01:10","date_gmt":"2022-05-25T06:01:10","guid":{"rendered":"https:\/\/polinpallo.otax.fi\/?page_id=400"},"modified":"2024-03-18T09:23:39","modified_gmt":"2024-03-18T09:23:39","slug":"400-2","status":"publish","type":"page","link":"https:\/\/polinpallo.fi\/?page_id=400&lang=en","title":{"rendered":"Front page"},"content":{"rendered":"\n<p><p>Polin Pallo is a football club founded in 2022 that is aimed Teekkaris at Aalto University. We organize low threshold event for everyone interested in football, regardless of skill level. These include weekly practice, participating in tournaments as well as other events such as sauna nights. The info about the events can be found on our Telegram groups. Time and place of practice can be found on the calendar below. <strong>Read the article Palloliitto made about us <a href=\"https:\/\/www.palloliitto.fi\/ajankohtaista\/polin-pallo-jo-3-kierroksella\" data-type=\"link\" data-id=\"https:\/\/www.palloliitto.fi\/ajankohtaista\/polin-pallo-jo-3-kierroksella\">here<\/a>!<\/strong><\/p><\/p>\n\n\n\n<figure class=\"wp-block-image size-large\"><img decoding=\"async\" src=\"https:\/\/polinpallo.fi\/wp-content\/uploads\/2023\/07\/tausta_final-1-1024x263.png\" alt=\"\" class=\"wp-image-1073\"\/><figcaption class=\"wp-element-caption\">PolPan huppareita ja treeni T-paitoja saatavilla viel\u00e4 muutamia kappaleita! Ole yhteydess\u00e4 hallituksen j\u00e4seniin kokokyselyjen osalta!<\/figcaption><\/figure>\n\n\n\n<div id=\"sb_instagram\"  class=\"sbi sbi_mob_col_2 sbi_tab_col_2 sbi_col_2 sbi_width_resp sbi_fixed_height\" style=\"padding-bottom: 2px; height: 500px;\"\t data-feedid=\"*1\"  data-res=\"auto\" data-cols=\"2\" data-colsmobile=\"2\" data-colstablet=\"2\" data-num=\"2\" data-nummobile=\"2\" data-item-padding=\"1\"\t data-shortcode-atts=\"{&quot;feed&quot;:&quot;1&quot;}\"  data-postid=\"400\" data-locatornonce=\"b930108595\" data-imageaspectratio=\"1:1\" data-sbi-flags=\"favorLocal\">\n\t<div class=\"sb_instagram_header  sbi_medium\"   >\n\t<a class=\"sbi_header_link\" target=\"_blank\"\n\t   rel=\"nofollow noopener\" href=\"https:\/\/www.instagram.com\/polinpallo\/\" title=\"@polinpallo\">\n\t\t<div class=\"sbi_header_text sbi_no_bio\">\n\t\t\t<div class=\"sbi_header_img\">\n\t\t\t\t\t\t\t\t\t<div class=\"sbi_header_img_hover\"  ><svg class=\"sbi_new_logo fa-instagram fa-w-14\" aria-hidden=\"true\" data-fa-processed=\"\" aria-label=\"Instagram\" data-prefix=\"fab\" data-icon=\"instagram\" role=\"img\" viewBox=\"0 0 448 512\">\n                    <path fill=\"currentColor\" d=\"M224.1 141c-63.6 0-114.9 51.3-114.9 114.9s51.3 114.9 114.9 114.9S339 319.5 339 255.9 287.7 141 224.1 141zm0 189.6c-41.1 0-74.7-33.5-74.7-74.7s33.5-74.7 74.7-74.7 74.7 33.5 74.7 74.7-33.6 74.7-74.7 74.7zm146.4-194.3c0 14.9-12 26.8-26.8 26.8-14.9 0-26.8-12-26.8-26.8s12-26.8 26.8-26.8 26.8 12 26.8 26.8zm76.1 27.2c-1.7-35.9-9.9-67.7-36.2-93.9-26.2-26.2-58-34.4-93.9-36.2-37-2.1-147.9-2.1-184.9 0-35.8 1.7-67.6 9.9-93.9 36.1s-34.4 58-36.2 93.9c-2.1 37-2.1 147.9 0 184.9 1.7 35.9 9.9 67.7 36.2 93.9s58 34.4 93.9 36.2c37 2.1 147.9 2.1 184.9 0 35.9-1.7 67.7-9.9 93.9-36.2 26.2-26.2 34.4-58 36.2-93.9 2.1-37 2.1-147.8 0-184.8zM398.8 388c-7.8 19.6-22.9 34.7-42.6 42.6-29.5 11.7-99.5 9-132.1 9s-102.7 2.6-132.1-9c-19.6-7.8-34.7-22.9-42.6-42.6-11.7-29.5-9-99.5-9-132.1s-2.6-102.7 9-132.1c7.8-19.6 22.9-34.7 42.6-42.6 29.5-11.7 99.5-9 132.1-9s102.7-2.6 132.1 9c19.6 7.8 34.7 22.9 42.6 42.6 11.7 29.5 9 99.5 9 132.1s2.7 102.7-9 132.1z\"><\/path>\n                <\/svg><\/div>\n\t\t\t\t\t<img loading=\"lazy\" decoding=\"async\"  src=\"https:\/\/polinpallo.fi\/wp-content\/uploads\/2022\/05\/IMG_20220526_215142_335.jpg\" alt=\"\" width=\"50\" height=\"50\">\n\t\t\t\t\n\t\t\t\t\t\t\t<\/div>\n\n\t\t\t<div class=\"sbi_feedtheme_header_text\">\n\t\t\t\t<h3>polinpallo<\/h3>\n\t\t\t\t\t\t\t<\/div>\n\t\t<\/div>\n\t<\/a>\n<\/div>\n\n\t<div id=\"sbi_images\"  style=\"gap: 2px;\">\n\t\t<div class=\"sbi_item sbi_type_image sbi_new sbi_transition\"\n\tid=\"sbi_18209011147290621\" data-date=\"1732888313\">\n\t<div class=\"sbi_photo_wrap\">\n\t\t<a class=\"sbi_photo\" href=\"https:\/\/www.instagram.com\/p\/DC9SZKEIXNe\/\" target=\"_blank\" rel=\"noopener nofollow\"\n\t\t\tdata-full-res=\"https:\/\/scontent-arn2-1.cdninstagram.com\/v\/t51.29350-15\/468937313_545967348232622_8274621962617113948_n.jpg?_nc_cat=110&#038;ccb=1-7&#038;_nc_sid=18de74&#038;_nc_ohc=DeSp4r_1kYMQ7kNvgErvpzT&#038;_nc_zt=23&#038;_nc_ht=scontent-arn2-1.cdninstagram.com&#038;edm=ANo9K5cEAAAA&#038;_nc_gid=Av0uwiF0vAtyLcUlec7FNRj&#038;oh=00_AYAjKOfP2OHPp5t3G73exxorsCh1yDaecrQopmDi3iEErg&#038;oe=6756291A\"\n\t\t\tdata-img-src-set=\"{&quot;d&quot;:&quot;https:\\\/\\\/scontent-arn2-1.cdninstagram.com\\\/v\\\/t51.29350-15\\\/468937313_545967348232622_8274621962617113948_n.jpg?_nc_cat=110&amp;ccb=1-7&amp;_nc_sid=18de74&amp;_nc_ohc=DeSp4r_1kYMQ7kNvgErvpzT&amp;_nc_zt=23&amp;_nc_ht=scontent-arn2-1.cdninstagram.com&amp;edm=ANo9K5cEAAAA&amp;_nc_gid=Av0uwiF0vAtyLcUlec7FNRj&amp;oh=00_AYAjKOfP2OHPp5t3G73exxorsCh1yDaecrQopmDi3iEErg&amp;oe=6756291A&quot;,&quot;150&quot;:&quot;https:\\\/\\\/scontent-arn2-1.cdninstagram.com\\\/v\\\/t51.29350-15\\\/468937313_545967348232622_8274621962617113948_n.jpg?_nc_cat=110&amp;ccb=1-7&amp;_nc_sid=18de74&amp;_nc_ohc=DeSp4r_1kYMQ7kNvgErvpzT&amp;_nc_zt=23&amp;_nc_ht=scontent-arn2-1.cdninstagram.com&amp;edm=ANo9K5cEAAAA&amp;_nc_gid=Av0uwiF0vAtyLcUlec7FNRj&amp;oh=00_AYAjKOfP2OHPp5t3G73exxorsCh1yDaecrQopmDi3iEErg&amp;oe=6756291A&quot;,&quot;320&quot;:&quot;https:\\\/\\\/scontent-arn2-1.cdninstagram.com\\\/v\\\/t51.29350-15\\\/468937313_545967348232622_8274621962617113948_n.jpg?_nc_cat=110&amp;ccb=1-7&amp;_nc_sid=18de74&amp;_nc_ohc=DeSp4r_1kYMQ7kNvgErvpzT&amp;_nc_zt=23&amp;_nc_ht=scontent-arn2-1.cdninstagram.com&amp;edm=ANo9K5cEAAAA&amp;_nc_gid=Av0uwiF0vAtyLcUlec7FNRj&amp;oh=00_AYAjKOfP2OHPp5t3G73exxorsCh1yDaecrQopmDi3iEErg&amp;oe=6756291A&quot;,&quot;640&quot;:&quot;https:\\\/\\\/scontent-arn2-1.cdninstagram.com\\\/v\\\/t51.29350-15\\\/468937313_545967348232622_8274621962617113948_n.jpg?_nc_cat=110&amp;ccb=1-7&amp;_nc_sid=18de74&amp;_nc_ohc=DeSp4r_1kYMQ7kNvgErvpzT&amp;_nc_zt=23&amp;_nc_ht=scontent-arn2-1.cdninstagram.com&amp;edm=ANo9K5cEAAAA&amp;_nc_gid=Av0uwiF0vAtyLcUlec7FNRj&amp;oh=00_AYAjKOfP2OHPp5t3G73exxorsCh1yDaecrQopmDi3iEErg&amp;oe=6756291A&quot;}\">\n\t\t\t<span class=\"sbi-screenreader\">Polin Pallo nousee Miesten Neloseen\ud83d\udd25\ud83d\udd25\n\nNousukarsin<\/span>\n\t\t\t\t\t\t\t\t\t<img decoding=\"async\" src=\"https:\/\/polinpallo.fi\/wp-content\/plugins\/instagram-feed\/img\/placeholder.png\" alt=\"Polin Pallo nousee Miesten Neloseen\ud83d\udd25\ud83d\udd25\n\nNousukarsintojen yhden tappion ja kahden voiton j\u00e4lkeen PolPa j\u00e4i ilman suoraa nousua ja joutui tyytym\u00e4\u00e4n t\u00e4ydennysmenettelyyn. PolPan toimistolla ei kuitenkaan j\u00e4\u00e4ty toimettomaksi. Toimisto k\u00e4ytti merkitt\u00e4v\u00e4n m\u00e4\u00e4r\u00e4n resursseja vakuuttaakseen liiton, ett\u00e4 PolPa t\u00e4ytt\u00e4\u00e4 Nelosen lisenssiehdot sek\u00e4 urheilullisesti, ett\u00e4 taloudellisesti. Kuukauden kabinettipelin ja saunottamisen j\u00e4lkeen on siis ilo julkaista kovan ty\u00f6n tulos: PolPa nousee jalkapallossa toista vuotta putkeen ja pelaa Miesten Nelosessa vuonna 2025!\" aria-hidden=\"true\">\n\t\t<\/a>\n\t<\/div>\n<\/div><div class=\"sbi_item sbi_type_image sbi_new sbi_transition\"\n\tid=\"sbi_18034961771079149\" data-date=\"1732722035\">\n\t<div class=\"sbi_photo_wrap\">\n\t\t<a class=\"sbi_photo\" href=\"https:\/\/www.instagram.com\/p\/DC4VPonIQKH\/\" target=\"_blank\" rel=\"noopener nofollow\"\n\t\t\tdata-full-res=\"https:\/\/scontent-arn2-1.cdninstagram.com\/v\/t51.29350-15\/468683668_1081617496619746_305604287238476820_n.jpg?_nc_cat=102&#038;ccb=1-7&#038;_nc_sid=18de74&#038;_nc_ohc=j0tvuZTG158Q7kNvgGiEVdA&#038;_nc_zt=23&#038;_nc_ht=scontent-arn2-1.cdninstagram.com&#038;edm=ANo9K5cEAAAA&#038;_nc_gid=Av0uwiF0vAtyLcUlec7FNRj&#038;oh=00_AYBUf6ra2Ar88oRKN3xaeiMjyrlP6bf7dktd5G4nt6IAoQ&#038;oe=675634BB\"\n\t\t\tdata-img-src-set=\"{&quot;d&quot;:&quot;https:\\\/\\\/scontent-arn2-1.cdninstagram.com\\\/v\\\/t51.29350-15\\\/468683668_1081617496619746_305604287238476820_n.jpg?_nc_cat=102&amp;ccb=1-7&amp;_nc_sid=18de74&amp;_nc_ohc=j0tvuZTG158Q7kNvgGiEVdA&amp;_nc_zt=23&amp;_nc_ht=scontent-arn2-1.cdninstagram.com&amp;edm=ANo9K5cEAAAA&amp;_nc_gid=Av0uwiF0vAtyLcUlec7FNRj&amp;oh=00_AYBUf6ra2Ar88oRKN3xaeiMjyrlP6bf7dktd5G4nt6IAoQ&amp;oe=675634BB&quot;,&quot;150&quot;:&quot;https:\\\/\\\/scontent-arn2-1.cdninstagram.com\\\/v\\\/t51.29350-15\\\/468683668_1081617496619746_305604287238476820_n.jpg?_nc_cat=102&amp;ccb=1-7&amp;_nc_sid=18de74&amp;_nc_ohc=j0tvuZTG158Q7kNvgGiEVdA&amp;_nc_zt=23&amp;_nc_ht=scontent-arn2-1.cdninstagram.com&amp;edm=ANo9K5cEAAAA&amp;_nc_gid=Av0uwiF0vAtyLcUlec7FNRj&amp;oh=00_AYBUf6ra2Ar88oRKN3xaeiMjyrlP6bf7dktd5G4nt6IAoQ&amp;oe=675634BB&quot;,&quot;320&quot;:&quot;https:\\\/\\\/scontent-arn2-1.cdninstagram.com\\\/v\\\/t51.29350-15\\\/468683668_1081617496619746_305604287238476820_n.jpg?_nc_cat=102&amp;ccb=1-7&amp;_nc_sid=18de74&amp;_nc_ohc=j0tvuZTG158Q7kNvgGiEVdA&amp;_nc_zt=23&amp;_nc_ht=scontent-arn2-1.cdninstagram.com&amp;edm=ANo9K5cEAAAA&amp;_nc_gid=Av0uwiF0vAtyLcUlec7FNRj&amp;oh=00_AYBUf6ra2Ar88oRKN3xaeiMjyrlP6bf7dktd5G4nt6IAoQ&amp;oe=675634BB&quot;,&quot;640&quot;:&quot;https:\\\/\\\/scontent-arn2-1.cdninstagram.com\\\/v\\\/t51.29350-15\\\/468683668_1081617496619746_305604287238476820_n.jpg?_nc_cat=102&amp;ccb=1-7&amp;_nc_sid=18de74&amp;_nc_ohc=j0tvuZTG158Q7kNvgGiEVdA&amp;_nc_zt=23&amp;_nc_ht=scontent-arn2-1.cdninstagram.com&amp;edm=ANo9K5cEAAAA&amp;_nc_gid=Av0uwiF0vAtyLcUlec7FNRj&amp;oh=00_AYBUf6ra2Ar88oRKN3xaeiMjyrlP6bf7dktd5G4nt6IAoQ&amp;oe=675634BB&quot;}\">\n\t\t\t<span class=\"sbi-screenreader\">Polin Pallon Hallitus vuodelle 2025 on valittu: \n\n<\/span>\n\t\t\t\t\t\t\t\t\t<img decoding=\"async\" src=\"https:\/\/polinpallo.fi\/wp-content\/plugins\/instagram-feed\/img\/placeholder.png\" alt=\"Polin Pallon Hallitus vuodelle 2025 on valittu: \n\nPuheenjohtaja: Otto Huttunen\nVarapuheenjohtaja: Arto Paasiviita\nSihteeri: Heikki Huhtam\u00e4ki\nRahastonhoitaja: Viktor Sandbacka\nTiedottaja: Lucas Simpson\nYrityssuhdevastaava: Johannes Juurakko\nTapahtumavastaava: Ville Hakoniemi\nTapahtumavastaava: Martti R\u00e4s\u00e4nen\nTapahtumavastaava: Aarne Leisma\n\nOnnea valituille\ud83d\udc4f\n\nThe Polin Pallo board for 2025 has been elected:\n\nChairman: Otto Huttunen\nVicechairman: Arto Paasiviita\nSecretary: Heikki Huhtam\u00e4ki\nTreasurer: Viktor Sandbacka\nSpokesman: Lucas Simpson\nHead of Corporate Relations: Johannes Juurakko\nEvent Manager: Ville Hakoniemi\nEvent Manager: Martti R\u00e4s\u00e4nen\nEvent Manager: Aarne Leisma\n\nCongratulations for those chosen\ud83d\udc4f\" aria-hidden=\"true\">\n\t\t<\/a>\n\t<\/div>\n<\/div>\t<\/div>\n\n\t<div id=\"sbi_load\" >\n\n\t\t\t<button class=\"sbi_load_btn\"\n\t\t\ttype=\"button\" >\n\t\t\t<span class=\"sbi_btn_text\" >Load More<\/span>\n\t\t\t<span class=\"sbi_loader sbi_hidden\" style=\"background-color: rgb(255, 255, 255);\" aria-hidden=\"true\"><\/span>\n\t\t<\/button>\n\t\n\t\t\t<span class=\"sbi_follow_btn\" >\n\t\t\t<a target=\"_blank\"\n\t\t\t\trel=\"nofollow noopener\"  href=\"https:\/\/www.instagram.com\/polinpallo\/\">\n\t\t\t\t<svg class=\"svg-inline--fa fa-instagram fa-w-14\" aria-hidden=\"true\" data-fa-processed=\"\" aria-label=\"Instagram\" data-prefix=\"fab\" data-icon=\"instagram\" role=\"img\" viewBox=\"0 0 448 512\">\n                    <path fill=\"currentColor\" d=\"M224.1 141c-63.6 0-114.9 51.3-114.9 114.9s51.3 114.9 114.9 114.9S339 319.5 339 255.9 287.7 141 224.1 141zm0 189.6c-41.1 0-74.7-33.5-74.7-74.7s33.5-74.7 74.7-74.7 74.7 33.5 74.7 74.7-33.6 74.7-74.7 74.7zm146.4-194.3c0 14.9-12 26.8-26.8 26.8-14.9 0-26.8-12-26.8-26.8s12-26.8 26.8-26.8 26.8 12 26.8 26.8zm76.1 27.2c-1.7-35.9-9.9-67.7-36.2-93.9-26.2-26.2-58-34.4-93.9-36.2-37-2.1-147.9-2.1-184.9 0-35.8 1.7-67.6 9.9-93.9 36.1s-34.4 58-36.2 93.9c-2.1 37-2.1 147.9 0 184.9 1.7 35.9 9.9 67.7 36.2 93.9s58 34.4 93.9 36.2c37 2.1 147.9 2.1 184.9 0 35.9-1.7 67.7-9.9 93.9-36.2 26.2-26.2 34.4-58 36.2-93.9 2.1-37 2.1-147.8 0-184.8zM398.8 388c-7.8 19.6-22.9 34.7-42.6 42.6-29.5 11.7-99.5 9-132.1 9s-102.7 2.6-132.1-9c-19.6-7.8-34.7-22.9-42.6-42.6-11.7-29.5-9-99.5-9-132.1s-2.6-102.7 9-132.1c7.8-19.6 22.9-34.7 42.6-42.6 29.5-11.7 99.5-9 132.1-9s102.7-2.6 132.1 9c19.6 7.8 34.7 22.9 42.6 42.6 11.7 29.5 9 99.5 9 132.1s2.7 102.7-9 132.1z\"><\/path>\n                <\/svg>\t\t\t\t<span>Follow on Instagram<\/span>\n\t\t\t<\/a>\n\t\t<\/span>\n\t\n<\/div>\n\t\t<span class=\"sbi_resized_image_data\" data-feed-id=\"*1\"\n\t\t  data-resized=\"{&quot;18034961771079149&quot;:{&quot;id&quot;:&quot;468683668_1081617496619746_305604287238476820_n&quot;,&quot;ratio&quot;:&quot;1.29&quot;,&quot;sizes&quot;:{&quot;full&quot;:640,&quot;low&quot;:320,&quot;thumb&quot;:150},&quot;extension&quot;:&quot;.webp&quot;},&quot;18209011147290621&quot;:{&quot;id&quot;:&quot;468937313_545967348232622_8274621962617113948_n&quot;,&quot;ratio&quot;:&quot;0.80&quot;,&quot;sizes&quot;:{&quot;full&quot;:640,&quot;low&quot;:320,&quot;thumb&quot;:150},&quot;extension&quot;:&quot;.webp&quot;}}\">\n\t<\/span>\n\t<\/div>\n\n\n\n\n<blockquote>\n<p>Summer 2024 events added to the calender<\/p>\n<\/blockquote>\n<p><strong>\t\t<div class=\"wpfc-calendar-wrapper\"><form class=\"wpfc-calendar\" id=\"wpfc-calendar-5903\"><\/form><div class=\"wpfc-loading\"><\/div><\/div>\r\n\t\t<div class=\"wpfc-calendar-search\" style=\"display:none;\">\r\n\t\t\t\t\t<\/div>\r\n\t\t<script type=\"text\/javascript\">\r\n\t\t\tWPFC.data = {\r\n\t\t\t\taction : 'WP_FullCalendar',\r\n\t\t\t\t'type' : 'event','month' : 3,'year' : 2026,\t\t\t };\r\n\t\t\tWPFC.month = 3;\r\n\t\t\tWPFC.year = 2026;\r\n\t\t<\/script>\r\n\t\t<\/strong><br \/><!-- \/wp:post-content --><\/p>\n<p><!-- wp:paragraph --><\/p>\n<p><strong>Polin Pallo&#8217;s home field is grass field in Otaniemi. Address: Otaranta 6<\/strong><\/p>\n<p><!-- \/wp:paragraph --><\/p>\n<p><!-- wp:paragraph --><\/p>\n<p><strong>Big things coming!<\/strong><\/p>\n<p><!-- \/wp:paragraph --><\/p>\n<p><!-- wp:html \/--><\/p>\n<p><!-- wp:shortcode \/--><\/p>","protected":false},"excerpt":{"rendered":"<p>Polin Pallo is a football club founded in 2022 that is aimed Teekkaris at Aalto University. We organize low threshold&hellip; <a class=\"read-more\" href=\"https:\/\/polinpallo.fi\/?page_id=400&#038;lang=en\">Read more <span class=\"screen-reader-text\">Front page<\/span><\/a><\/p>\n","protected":false},"author":3,"featured_media":0,"parent":0,"menu_order":0,"comment_status":"closed","ping_status":"closed","template":"page-templates\/front-page.php","meta":{"footnotes":""},"class_list":["post-400","page","type-page","status-publish","hentry"],"_links":{"self":[{"href":"https:\/\/polinpallo.fi\/index.php?rest_route=\/wp\/v2\/pages\/400","targetHints":{"allow":["GET"]}}],"collection":[{"href":"https:\/\/polinpallo.fi\/index.php?rest_route=\/wp\/v2\/pages"}],"about":[{"href":"https:\/\/polinpallo.fi\/index.php?rest_route=\/wp\/v2\/types\/page"}],"author":[{"embeddable":true,"href":"https:\/\/polinpallo.fi\/index.php?rest_route=\/wp\/v2\/users\/3"}],"replies":[{"embeddable":true,"href":"https:\/\/polinpallo.fi\/index.php?rest_route=%2Fwp%2Fv2%2Fcomments&post=400"}],"version-history":[{"count":15,"href":"https:\/\/polinpallo.fi\/index.php?rest_route=\/wp\/v2\/pages\/400\/revisions"}],"predecessor-version":[{"id":1314,"href":"https:\/\/polinpallo.fi\/index.php?rest_route=\/wp\/v2\/pages\/400\/revisions\/1314"}],"wp:attachment":[{"href":"https:\/\/polinpallo.fi\/index.php?rest_route=%2Fwp%2Fv2%2Fmedia&parent=400"}],"curies":[{"name":"wp","href":"https:\/\/api.w.org\/{rel}","templated":true}]}}