{"id":277,"date":"2022-07-13T09:36:20","date_gmt":"2022-07-13T09:36:20","guid":{"rendered":"https:\/\/polinpallo.otax.fi\/?page_id=277"},"modified":"2024-03-11T08:35:10","modified_gmt":"2024-03-11T08:35:10","slug":"kiinnostaako-yhteistyo","status":"publish","type":"page","link":"https:\/\/polinpallo.fi\/?page_id=277","title":{"rendered":"Kiinnostaako yhteisty\u00f6?"},"content":{"rendered":"\n<p>Polin Pallo ry on voittoa tavoittelematon yhdistys, jonka toiminta ei olisi mahdollista ilman teekkarien urheilua tukevia yrityksi\u00e4. Kannatusj\u00e4senmaksut sek\u00e4 tapahtumakohtaiset tuet yrityksilt\u00e4 muodostavat selv\u00e4sti suurimman osan toimintamme rahoituksesta.&nbsp;<\/p>\n\n\n\n<p>Kerhomme <strong>kannatusj\u00e4senyys<\/strong> tarkoittaa erityist\u00e4 yhteisty\u00f6t\u00e4 \u201dkannariksi\u201d l\u00e4htev\u00e4n yrityksen kanssa. T\u00e4m\u00e4 k\u00e4sitt\u00e4\u00e4 erityisaseman niiden yritysten keskuudessa, joiden kanssa toimimme. Esimerkiksi tapahtumissa kannatusj\u00e4senemme tulevat olemaan n\u00e4kyv\u00e4ss\u00e4 roolissa. Lis\u00e4ksi pid\u00e4mme kannatusj\u00e4sentemme logot n\u00e4kyvill\u00e4 <a href=\"https:\/\/polinpallo.ayy.fi\/?page_id=248\">nettisivuillamme<\/a> sek\u00e4 tarjoamme kannatusj\u00e4senille postauksen instagramissa.&nbsp;<\/p>\n\n\n\n<p>My\u00f6s <a href=\"https:\/\/polinpallo.fi\/?page_id=882\">peliasuissamme<\/a> on viel\u00e4 muutama hyv\u00e4 paikka yritysten logoille. Peliasut tulevat olemaan k\u00e4yt\u00f6ss\u00e4mme usean vuoden ajan, joten n\u00e4kyvyytt\u00e4 logoille on tarjolla pidemm\u00e4ksi aikaa. Peliasut ovat k\u00e4yt\u00f6ss\u00e4mme palloliiton alaisissa jalkapallo- ja futsalsarjoissa sek\u00e4 muissa pelitapahtumissa. Teemme otteluistamme <strong>otteluraportin<\/strong> Polin Pallon <a href=\"https:\/\/www.instagram.com\/polinpallo\/\">instagramiin<\/a>, mik\u00e4 olisi my\u00f6s luonteva mahdollisuus yritykselle saada s\u00e4\u00e4nn\u00f6llist\u00e4 n\u00e4kyvyytt\u00e4 seuraajiemme keskuudessa tyyliin: &#8221;Otteluraportin \/ pelin teknisimm\u00e4n pelaajan <strong>tarjoaa yritys x<\/strong>&#8221;. <\/p>\n\n\n\n<p>Jos olette kiinnostuneita tekem\u00e4\u00e4n yhteisty\u00f6t\u00e4 Polin Pallon kanssa, tavoitatte yhdistyksen yrityssuhdevastaavan Johannes Juurakon s\u00e4hk\u00f6postiosoitteesta johannes.juurakko@aalto.fi tai yhdistyksen hallituksen s\u00e4hk\u00f6postiosoitteesta polinpallo@gmail.com<\/p>\n","protected":false},"excerpt":{"rendered":"<p>Polin Pallo ry on voittoa tavoittelematon yhdistys, jonka toiminta ei olisi mahdollista ilman teekkarien urheilua tukevia yrityksi\u00e4. Kannatusj\u00e4senmaksut sek\u00e4 tapahtumakohtaiset&hellip; <a class=\"read-more\" href=\"https:\/\/polinpallo.fi\/?page_id=277\">Read more <span class=\"screen-reader-text\">Kiinnostaako yhteisty\u00f6?<\/span><\/a><\/p>\n","protected":false},"author":3,"featured_media":0,"parent":0,"menu_order":0,"comment_status":"closed","ping_status":"closed","template":"","meta":{"footnotes":""},"class_list":["post-277","page","type-page","status-publish","hentry"],"_links":{"self":[{"href":"https:\/\/polinpallo.fi\/index.php?rest_route=\/wp\/v2\/pages\/277","targetHints":{"allow":["GET"]}}],"collection":[{"href":"https:\/\/polinpallo.fi\/index.php?rest_route=\/wp\/v2\/pages"}],"about":[{"href":"https:\/\/polinpallo.fi\/index.php?rest_route=\/wp\/v2\/types\/page"}],"author":[{"embeddable":true,"href":"https:\/\/polinpallo.fi\/index.php?rest_route=\/wp\/v2\/users\/3"}],"replies":[{"embeddable":true,"href":"https:\/\/polinpallo.fi\/index.php?rest_route=%2Fwp%2Fv2%2Fcomments&post=277"}],"version-history":[{"count":14,"href":"https:\/\/polinpallo.fi\/index.php?rest_route=\/wp\/v2\/pages\/277\/revisions"}],"predecessor-version":[{"id":1195,"href":"https:\/\/polinpallo.fi\/index.php?rest_route=\/wp\/v2\/pages\/277\/revisions\/1195"}],"wp:attachment":[{"href":"https:\/\/polinpallo.fi\/index.php?rest_route=%2Fwp%2Fv2%2Fmedia&parent=277"}],"curies":[{"name":"wp","href":"https:\/\/api.w.org\/{rel}","templated":true}]}}